{"id":132,"date":"2025-02-26T13:38:00","date_gmt":"2025-02-26T12:38:00","guid":{"rendered":"https:\/\/vivreaupeux.org\/?page_id=132"},"modified":"2026-04-22T16:31:57","modified_gmt":"2026-04-22T14:31:57","slug":"benevole","status":"publish","type":"page","link":"https:\/\/vivreaupeux.org\/index.php\/benevole\/","title":{"rendered":"B\u00e9n\u00e9vole"},"content":{"rendered":"<p>[et_pb_section fb_built=\u00a0\u00bb1&Prime; admin_label=\u00a0\u00bbCategories\u00a0\u00bb _builder_version=\u00a0\u00bb4.25.2&Prime; _module_preset=\u00a0\u00bbdefault\u00a0\u00bb custom_padding=\u00a0\u00bb0px|0px|0px|0px|true|true\u00a0\u00bb locked=\u00a0\u00bboff\u00a0\u00bb collapsed=\u00a0\u00bboff\u00a0\u00bb global_colors_info=\u00a0\u00bb{}\u00a0\u00bb][et_pb_row _builder_version=\u00a0\u00bb4.25.2&Prime; _module_preset=\u00a0\u00bbe272640a-e143-42d3-aa93-8e352a0d60a4&Prime; locked=\u00a0\u00bboff\u00a0\u00bb global_colors_info=\u00a0\u00bb{}\u00a0\u00bb][et_pb_column type=\u00a0\u00bb4_4&Prime; _builder_version=\u00a0\u00bb4.25.2&Prime; _module_preset=\u00a0\u00bbdefault\u00a0\u00bb global_colors_info=\u00a0\u00bb{}\u00a0\u00bb][et_pb_heading title=\u00a0\u00bbb\u00e9n\u00e9voles\u00a0\u00bb module_id=\u00a0\u00bblespublics\u00a0\u00bb _builder_version=\u00a0\u00bb4.27.4&Prime; _module_preset=\u00a0\u00bbf170826a-7117-43fe-a9ba-c43d04f56bdc\u00a0\u00bb title_text_color=\u00a0\u00bb#0AA4AF\u00a0\u00bb locked=\u00a0\u00bboff\u00a0\u00bb global_colors_info=\u00a0\u00bb{}\u00a0\u00bb][\/et_pb_heading][et_pb_heading title=\u00a0\u00bbEtre B\u00e9n\u00e9vole\u00a0\u00bb _builder_version=\u00a0\u00bb4.27.4&Prime; _module_preset=\u00a0\u00bb38b5a374-d33b-45da-a860-88ec2f771558&Prime; locked=\u00a0\u00bboff\u00a0\u00bb global_colors_info=\u00a0\u00bb{}\u00a0\u00bb][\/et_pb_heading][\/et_pb_column][\/et_pb_row][et_pb_row column_structure=\u00a0\u00bb1_2,1_2&Prime; use_custom_gutter=\u00a0\u00bbon\u00a0\u00bb gutter_width=\u00a0\u00bb2&Prime; _builder_version=\u00a0\u00bb4.25.2&Prime; _module_preset=\u00a0\u00bbe272640a-e143-42d3-aa93-8e352a0d60a4&Prime; locked=\u00a0\u00bboff\u00a0\u00bb global_colors_info=\u00a0\u00bb{}\u00a0\u00bb][et_pb_column type=\u00a0\u00bb1_2&Prime; _builder_version=\u00a0\u00bb4.25.2&Prime; _module_preset=\u00a0\u00bbdefault\u00a0\u00bb global_colors_info=\u00a0\u00bb{}\u00a0\u00bb][et_pb_text _builder_version=\u00a0\u00bb4.27.4&Prime; _module_preset=\u00a0\u00bbdefault\u00a0\u00bb global_colors_info=\u00a0\u00bb{}\u00a0\u00bb]<\/p>\n<p>A l\u2019origine de l\u2019aventure Vivre au Peux, un groupe de b\u00e9n\u00e9voles a donn\u00e9 de son temps et de l&rsquo;\u00e9nergie pour se lancer dans un beau projet de solidarit\u00e9. Ils ont alors choisi de soutenir et d\u2019accompagner des personnes qui en avaient besoin.<\/p>\n<p>Depuis les d\u00e9buts, le b\u00e9n\u00e9volat est le socle de Vivre au Peux. Il permet de porter l\u2019ambition, il donne le cap et il assure la p\u00e9rennit\u00e9 du projet. Vivre au Peux peut compter sur ses b\u00e9n\u00e9voles pour assurer la gouvernance de l\u2019association, pour animer certaines activit\u00e9s, proposer des sorties, pour donner des cours de fran\u00e7ais, participer \u00e0 confection les repas ou assurer des transports. La coordination de ses engagements est soutenue par l\u2019\u00e9quipe salari\u00e9e.<\/p>\n<p>Et toujours, <strong>ce qui nous anime tous, c\u2019est l\u2019envie de partager, de se rencontrer<\/strong>.<\/p>\n<p>&nbsp;<\/p>\n<p>[\/et_pb_text][et_pb_image src=\u00a0\u00bbhttps:\/\/vivreaupeux.org\/wp-content\/uploads\/2025\/08\/photo.jpeg\u00a0\u00bb title_text=\u00a0\u00bbphoto\u00a0\u00bb _builder_version=\u00a0\u00bb4.27.4&Prime; _module_preset=\u00a0\u00bbdefault\u00a0\u00bb global_colors_info=\u00a0\u00bb{}\u00a0\u00bb][\/et_pb_image][\/et_pb_column][et_pb_column type=\u00a0\u00bb1_2&Prime; _builder_version=\u00a0\u00bb4.27.4&Prime; _module_preset=\u00a0\u00bbdefault\u00a0\u00bb global_colors_info=\u00a0\u00bb{}\u00a0\u00bb][et_pb_text _builder_version=\u00a0\u00bb4.27.4&Prime; _module_preset=\u00a0\u00bbdefault\u00a0\u00bb custom_padding=\u00a0\u00bb||11px|||\u00a0\u00bb global_colors_info=\u00a0\u00bb{}\u00a0\u00bb]<\/p>\n<h3><strong>Pourquoi \u00eatre b\u00e9n\u00e9vole\u00a0?<\/strong><\/h3>\n<p><strong>Pour partager :<\/strong><\/p>\n<p>\u00catre b\u00e9n\u00e9vole \u00e0 Vivre au Peux, c\u2019est partager des rencontres et des moments forts. A l\u2019occasion d\u2019un moment de partage autour d&rsquo;un caf\u00e9\/th\u00e9, d\u2019un repas, d\u2019une animation ou d\u2019une sortie, c\u2019est \u00eatre pr\u00e9sent aux autres, \u00eatre \u00e0 l\u2019\u00e9coute. C\u2019est aussi s\u2019enrichir des exp\u00e9riences et des cultures de celles et ceux qui nous honorent de leur confiance.<\/p>\n<p><strong>Pour agir :<\/strong><\/p>\n<p>\u00catre b\u00e9n\u00e9vole \u00e0 Vivre au Peux, c\u2019est agir sur le terrain et \u00eatre utile, dans le respect des valeurs partag\u00e9es. Soutenu par l&rsquo;\u00e9quipe salari\u00e9e, le b\u00e9n\u00e9vole choisit son engagement, son rythme.<\/p>\n<p>[\/et_pb_text][et_pb_image src=\u00a0\u00bbhttps:\/\/vivreaupeux.org\/wp-content\/uploads\/2025\/02\/activite-scaled.jpg\u00a0\u00bb title_text=\u00a0\u00bbactivit\u00e9\u00a0\u00bb _builder_version=\u00a0\u00bb4.27.4&Prime; _module_preset=\u00a0\u00bbdefault\u00a0\u00bb global_colors_info=\u00a0\u00bb{}\u00a0\u00bb][\/et_pb_image][\/et_pb_column][\/et_pb_row][\/et_pb_section][et_pb_section fb_built=\u00a0\u00bb1&Prime; _builder_version=\u00a0\u00bb4.27.4&Prime; _module_preset=\u00a0\u00bbdefault\u00a0\u00bb global_colors_info=\u00a0\u00bb{}\u00a0\u00bb][et_pb_row use_custom_gutter=\u00a0\u00bbon\u00a0\u00bb gutter_width=\u00a0\u00bb2&Prime; _builder_version=\u00a0\u00bb4.25.2&Prime; _module_preset=\u00a0\u00bbe272640a-e143-42d3-aa93-8e352a0d60a4&Prime; locked=\u00a0\u00bboff\u00a0\u00bb global_colors_info=\u00a0\u00bb{}\u00a0\u00bb][et_pb_column type=\u00a0\u00bb4_4&Prime; _builder_version=\u00a0\u00bb4.25.2&Prime; _module_preset=\u00a0\u00bbdefault\u00a0\u00bb global_colors_info=\u00a0\u00bb{}\u00a0\u00bb][et_pb_text _builder_version=\u00a0\u00bb4.27.4&Prime; _module_preset=\u00a0\u00bbdefault\u00a0\u00bb text_font=\u00a0\u00bbAguafina Script||||||||\u00a0\u00bb text_text_color=\u00a0\u00bb#0AA4AF\u00a0\u00bb text_font_size=\u00a0\u00bb42px\u00a0\u00bb text_line_height=\u00a0\u00bb1.1em\u00a0\u00bb custom_margin=\u00a0\u00bb||24px|||\u00a0\u00bb global_colors_info=\u00a0\u00bb{}\u00a0\u00bb]<\/p>\n<p><strong>Etre b\u00e9n\u00e9vole ? sur quelles missions ?<\/strong><\/p>\n<p>[\/et_pb_text][\/et_pb_column][\/et_pb_row][et_pb_row column_structure=\u00a0\u00bb1_4,1_4,1_4,1_4&Prime; use_custom_gutter=\u00a0\u00bbon\u00a0\u00bb gutter_width=\u00a0\u00bb2&Prime; _builder_version=\u00a0\u00bb4.25.2&Prime; _module_preset=\u00a0\u00bbe272640a-e143-42d3-aa93-8e352a0d60a4&Prime; custom_margin=\u00a0\u00bb-15px|auto||auto||\u00a0\u00bb custom_padding=\u00a0\u00bb5px|||||\u00a0\u00bb locked=\u00a0\u00bboff\u00a0\u00bb global_colors_info=\u00a0\u00bb{}\u00a0\u00bb][et_pb_column type=\u00a0\u00bb1_4&Prime; _builder_version=\u00a0\u00bb4.25.2&Prime; _module_preset=\u00a0\u00bbdefault\u00a0\u00bb global_colors_info=\u00a0\u00bb{}\u00a0\u00bb][et_pb_text _builder_version=\u00a0\u00bb4.27.4&Prime; _module_preset=\u00a0\u00bbdefault\u00a0\u00bb custom_padding=\u00a0\u00bb0px|||||\u00a0\u00bb locked=\u00a0\u00bboff\u00a0\u00bb global_colors_info=\u00a0\u00bb{}\u00a0\u00bb]<\/p>\n<h4><strong>Repas et alimentation<\/strong><\/h4>\n<p>Pr\u00e9paration des repas avec les r\u00e9sidents, \u00e9conomat, gestion des approvisionnements alimentaires pour le collectif<\/p>\n<p>&nbsp;<\/p>\n<p>[\/et_pb_text][\/et_pb_column][et_pb_column type=\u00a0\u00bb1_4&Prime; _builder_version=\u00a0\u00bb4.27.4&Prime; _module_preset=\u00a0\u00bbdefault\u00a0\u00bb global_colors_info=\u00a0\u00bb{}\u00a0\u00bb][et_pb_text _builder_version=\u00a0\u00bb4.27.4&Prime; _module_preset=\u00a0\u00bbdefault\u00a0\u00bb locked=\u00a0\u00bboff\u00a0\u00bb global_colors_info=\u00a0\u00bb{}\u00a0\u00bb]<\/p>\n<h4><strong>Ateliers et activit\u00e9s<\/strong><\/h4>\n<p>Jardinage, ateliers cr\u00e9atifs (mosa\u00efque, peinture sur verre), activit\u00e9s sportives (piscine, foot, p\u00e9tanque), sorties culturelles<\/p>\n<p>[\/et_pb_text][\/et_pb_column][et_pb_column type=\u00a0\u00bb1_4&Prime; _builder_version=\u00a0\u00bb4.27.4&Prime; _module_preset=\u00a0\u00bbdefault\u00a0\u00bb global_colors_info=\u00a0\u00bb{}\u00a0\u00bb][et_pb_text _builder_version=\u00a0\u00bb4.27.4&Prime; _module_preset=\u00a0\u00bbdefault\u00a0\u00bb locked=\u00a0\u00bboff\u00a0\u00bb global_colors_info=\u00a0\u00bb{}\u00a0\u00bb]<\/p>\n<h4><strong>Transports<\/strong><\/h4>\n<p>Accompagner les r\u00e9sidents en les conduisant vers des rendez-vous m\u00e9dicaux ou encore pour r\u00e9aliser des achats personnels<\/p>\n<p>[\/et_pb_text][\/et_pb_column][et_pb_column type=\u00a0\u00bb1_4&Prime; _builder_version=\u00a0\u00bb4.27.4&Prime; _module_preset=\u00a0\u00bbdefault\u00a0\u00bb global_colors_info=\u00a0\u00bb{}\u00a0\u00bb][et_pb_text _builder_version=\u00a0\u00bb4.27.4&Prime; _module_preset=\u00a0\u00bbdefault\u00a0\u00bb locked=\u00a0\u00bboff\u00a0\u00bb global_colors_info=\u00a0\u00bb{}\u00a0\u00bb]<\/p>\n<h4><strong>Cours de fran\u00e7ais<\/strong><\/h4>\n<p>Dispenser des cours de fran\u00e7ais.<\/p>\n<p>Faire d\u00e9couvrir la culture fran\u00e7aise, ses mots, ses expressions.<\/p>\n<p>[\/et_pb_text][\/et_pb_column][\/et_pb_row][\/et_pb_section]<\/p>\n","protected":false},"excerpt":{"rendered":"<p>A l\u2019origine de l\u2019aventure Vivre au Peux, un groupe de b\u00e9n\u00e9voles a donn\u00e9 de son temps et de l&rsquo;\u00e9nergie pour se lancer dans un beau projet de solidarit\u00e9. Ils ont alors choisi de soutenir et d\u2019accompagner des personnes qui en avaient besoin. Depuis les d\u00e9buts, le b\u00e9n\u00e9volat est le socle de Vivre au Peux. Il [&hellip;]<\/p>\n","protected":false},"author":1,"featured_media":0,"parent":0,"menu_order":0,"comment_status":"closed","ping_status":"closed","template":"","meta":{"_et_pb_use_builder":"on","_et_pb_old_content":"","_et_gb_content_width":"","footnotes":""},"class_list":["post-132","page","type-page","status-publish","hentry"],"yoast_head":"<!-- This site is optimized with the Yoast SEO plugin v27.5 - https:\/\/yoast.com\/product\/yoast-seo-wordpress\/ -->\n<title>B\u00e9n\u00e9vole - Vivre au Peux<\/title>\n<meta name=\"robots\" content=\"index, follow, max-snippet:-1, max-image-preview:large, max-video-preview:-1\" \/>\n<link rel=\"canonical\" href=\"https:\/\/vivreaupeux.org\/index.php\/benevole\/\" \/>\n<meta property=\"og:locale\" content=\"fr_FR\" \/>\n<meta property=\"og:type\" content=\"article\" \/>\n<meta property=\"og:title\" content=\"B\u00e9n\u00e9vole - Vivre au Peux\" \/>\n<meta property=\"og:description\" content=\"A l\u2019origine de l\u2019aventure Vivre au Peux, un groupe de b\u00e9n\u00e9voles a donn\u00e9 de son temps et de l&#039;\u00e9nergie pour se lancer dans un beau projet de solidarit\u00e9. Ils ont alors choisi de soutenir et d\u2019accompagner des personnes qui en avaient besoin. Depuis les d\u00e9buts, le b\u00e9n\u00e9volat est le socle de Vivre au Peux. Il [&hellip;]\" \/>\n<meta property=\"og:url\" content=\"https:\/\/vivreaupeux.org\/index.php\/benevole\/\" \/>\n<meta property=\"og:site_name\" content=\"Vivre au Peux\" \/>\n<meta property=\"article:publisher\" content=\"https:\/\/www.facebook.com\/VAP79140\/?locale=fr_FR\" \/>\n<meta property=\"article:modified_time\" content=\"2026-04-22T14:31:57+00:00\" \/>\n<meta property=\"og:image\" content=\"https:\/\/vivreaupeux.org\/wp-content\/uploads\/2024\/08\/cropped-logovireaupeux-images.png\" \/>\n\t<meta property=\"og:image:width\" content=\"512\" \/>\n\t<meta property=\"og:image:height\" content=\"512\" \/>\n\t<meta property=\"og:image:type\" content=\"image\/png\" \/>\n<meta name=\"twitter:card\" content=\"summary_large_image\" \/>\n<meta name=\"twitter:label1\" content=\"Dur\u00e9e de lecture estim\u00e9e\" \/>\n\t<meta name=\"twitter:data1\" content=\"2 minutes\" \/>\n<script type=\"application\/ld+json\" class=\"yoast-schema-graph\">{\"@context\":\"https:\\\/\\\/schema.org\",\"@graph\":[{\"@type\":\"WebPage\",\"@id\":\"https:\\\/\\\/vivreaupeux.org\\\/index.php\\\/benevole\\\/\",\"url\":\"https:\\\/\\\/vivreaupeux.org\\\/index.php\\\/benevole\\\/\",\"name\":\"B\u00e9n\u00e9vole - Vivre au Peux\",\"isPartOf\":{\"@id\":\"https:\\\/\\\/vivreaupeux.org\\\/#website\"},\"datePublished\":\"2025-02-26T12:38:00+00:00\",\"dateModified\":\"2026-04-22T14:31:57+00:00\",\"breadcrumb\":{\"@id\":\"https:\\\/\\\/vivreaupeux.org\\\/index.php\\\/benevole\\\/#breadcrumb\"},\"inLanguage\":\"fr-FR\",\"potentialAction\":[{\"@type\":\"ReadAction\",\"target\":[\"https:\\\/\\\/vivreaupeux.org\\\/index.php\\\/benevole\\\/\"]}]},{\"@type\":\"BreadcrumbList\",\"@id\":\"https:\\\/\\\/vivreaupeux.org\\\/index.php\\\/benevole\\\/#breadcrumb\",\"itemListElement\":[{\"@type\":\"ListItem\",\"position\":1,\"name\":\"Accueil\",\"item\":\"https:\\\/\\\/vivreaupeux.org\\\/\"},{\"@type\":\"ListItem\",\"position\":2,\"name\":\"B\u00e9n\u00e9vole\"}]},{\"@type\":\"WebSite\",\"@id\":\"https:\\\/\\\/vivreaupeux.org\\\/#website\",\"url\":\"https:\\\/\\\/vivreaupeux.org\\\/\",\"name\":\"Vivre au Peux\",\"description\":\"Association d&#039;habitat partag\u00e9\",\"publisher\":{\"@id\":\"https:\\\/\\\/vivreaupeux.org\\\/#organization\"},\"alternateName\":\"Association VIVRE AU PEUX habitat partag\u00e9\",\"potentialAction\":[{\"@type\":\"SearchAction\",\"target\":{\"@type\":\"EntryPoint\",\"urlTemplate\":\"https:\\\/\\\/vivreaupeux.org\\\/?s={search_term_string}\"},\"query-input\":{\"@type\":\"PropertyValueSpecification\",\"valueRequired\":true,\"valueName\":\"search_term_string\"}}],\"inLanguage\":\"fr-FR\"},{\"@type\":\"Organization\",\"@id\":\"https:\\\/\\\/vivreaupeux.org\\\/#organization\",\"name\":\"Vivre au Peux\",\"alternateName\":\"Association VIVRE AU PEUX habitat partag\u00e9\",\"url\":\"https:\\\/\\\/vivreaupeux.org\\\/\",\"logo\":{\"@type\":\"ImageObject\",\"inLanguage\":\"fr-FR\",\"@id\":\"https:\\\/\\\/vivreaupeux.org\\\/#\\\/schema\\\/logo\\\/image\\\/\",\"url\":\"https:\\\/\\\/vivreaupeux.org\\\/wp-content\\\/uploads\\\/2024\\\/08\\\/logovireaupeux-images.png\",\"contentUrl\":\"https:\\\/\\\/vivreaupeux.org\\\/wp-content\\\/uploads\\\/2024\\\/08\\\/logovireaupeux-images.png\",\"width\":193,\"height\":261,\"caption\":\"Vivre au Peux\"},\"image\":{\"@id\":\"https:\\\/\\\/vivreaupeux.org\\\/#\\\/schema\\\/logo\\\/image\\\/\"},\"sameAs\":[\"https:\\\/\\\/www.facebook.com\\\/VAP79140\\\/?locale=fr_FR\"]}]}<\/script>\n<!-- \/ Yoast SEO plugin. -->","yoast_head_json":{"title":"B\u00e9n\u00e9vole - Vivre au Peux","robots":{"index":"index","follow":"follow","max-snippet":"max-snippet:-1","max-image-preview":"max-image-preview:large","max-video-preview":"max-video-preview:-1"},"canonical":"https:\/\/vivreaupeux.org\/index.php\/benevole\/","og_locale":"fr_FR","og_type":"article","og_title":"B\u00e9n\u00e9vole - Vivre au Peux","og_description":"A l\u2019origine de l\u2019aventure Vivre au Peux, un groupe de b\u00e9n\u00e9voles a donn\u00e9 de son temps et de l'\u00e9nergie pour se lancer dans un beau projet de solidarit\u00e9. Ils ont alors choisi de soutenir et d\u2019accompagner des personnes qui en avaient besoin. Depuis les d\u00e9buts, le b\u00e9n\u00e9volat est le socle de Vivre au Peux. Il [&hellip;]","og_url":"https:\/\/vivreaupeux.org\/index.php\/benevole\/","og_site_name":"Vivre au Peux","article_publisher":"https:\/\/www.facebook.com\/VAP79140\/?locale=fr_FR","article_modified_time":"2026-04-22T14:31:57+00:00","og_image":[{"width":512,"height":512,"url":"https:\/\/vivreaupeux.org\/wp-content\/uploads\/2024\/08\/cropped-logovireaupeux-images.png","type":"image\/png"}],"twitter_card":"summary_large_image","twitter_misc":{"Dur\u00e9e de lecture estim\u00e9e":"2 minutes"},"schema":{"@context":"https:\/\/schema.org","@graph":[{"@type":"WebPage","@id":"https:\/\/vivreaupeux.org\/index.php\/benevole\/","url":"https:\/\/vivreaupeux.org\/index.php\/benevole\/","name":"B\u00e9n\u00e9vole - Vivre au Peux","isPartOf":{"@id":"https:\/\/vivreaupeux.org\/#website"},"datePublished":"2025-02-26T12:38:00+00:00","dateModified":"2026-04-22T14:31:57+00:00","breadcrumb":{"@id":"https:\/\/vivreaupeux.org\/index.php\/benevole\/#breadcrumb"},"inLanguage":"fr-FR","potentialAction":[{"@type":"ReadAction","target":["https:\/\/vivreaupeux.org\/index.php\/benevole\/"]}]},{"@type":"BreadcrumbList","@id":"https:\/\/vivreaupeux.org\/index.php\/benevole\/#breadcrumb","itemListElement":[{"@type":"ListItem","position":1,"name":"Accueil","item":"https:\/\/vivreaupeux.org\/"},{"@type":"ListItem","position":2,"name":"B\u00e9n\u00e9vole"}]},{"@type":"WebSite","@id":"https:\/\/vivreaupeux.org\/#website","url":"https:\/\/vivreaupeux.org\/","name":"Vivre au Peux","description":"Association d&#039;habitat partag\u00e9","publisher":{"@id":"https:\/\/vivreaupeux.org\/#organization"},"alternateName":"Association VIVRE AU PEUX habitat partag\u00e9","potentialAction":[{"@type":"SearchAction","target":{"@type":"EntryPoint","urlTemplate":"https:\/\/vivreaupeux.org\/?s={search_term_string}"},"query-input":{"@type":"PropertyValueSpecification","valueRequired":true,"valueName":"search_term_string"}}],"inLanguage":"fr-FR"},{"@type":"Organization","@id":"https:\/\/vivreaupeux.org\/#organization","name":"Vivre au Peux","alternateName":"Association VIVRE AU PEUX habitat partag\u00e9","url":"https:\/\/vivreaupeux.org\/","logo":{"@type":"ImageObject","inLanguage":"fr-FR","@id":"https:\/\/vivreaupeux.org\/#\/schema\/logo\/image\/","url":"https:\/\/vivreaupeux.org\/wp-content\/uploads\/2024\/08\/logovireaupeux-images.png","contentUrl":"https:\/\/vivreaupeux.org\/wp-content\/uploads\/2024\/08\/logovireaupeux-images.png","width":193,"height":261,"caption":"Vivre au Peux"},"image":{"@id":"https:\/\/vivreaupeux.org\/#\/schema\/logo\/image\/"},"sameAs":["https:\/\/www.facebook.com\/VAP79140\/?locale=fr_FR"]}]}},"_links":{"self":[{"href":"https:\/\/vivreaupeux.org\/index.php\/wp-json\/wp\/v2\/pages\/132","targetHints":{"allow":["GET"]}}],"collection":[{"href":"https:\/\/vivreaupeux.org\/index.php\/wp-json\/wp\/v2\/pages"}],"about":[{"href":"https:\/\/vivreaupeux.org\/index.php\/wp-json\/wp\/v2\/types\/page"}],"author":[{"embeddable":true,"href":"https:\/\/vivreaupeux.org\/index.php\/wp-json\/wp\/v2\/users\/1"}],"replies":[{"embeddable":true,"href":"https:\/\/vivreaupeux.org\/index.php\/wp-json\/wp\/v2\/comments?post=132"}],"version-history":[{"count":17,"href":"https:\/\/vivreaupeux.org\/index.php\/wp-json\/wp\/v2\/pages\/132\/revisions"}],"predecessor-version":[{"id":447,"href":"https:\/\/vivreaupeux.org\/index.php\/wp-json\/wp\/v2\/pages\/132\/revisions\/447"}],"wp:attachment":[{"href":"https:\/\/vivreaupeux.org\/index.php\/wp-json\/wp\/v2\/media?parent=132"}],"curies":[{"name":"wp","href":"https:\/\/api.w.org\/{rel}","templated":true}]}}